{"id":132,"date":"2023-06-20T10:49:40","date_gmt":"2023-06-20T10:49:40","guid":{"rendered":"https:\/\/legalbarcelona2000.com\/?page_id=132"},"modified":"2026-02-13T07:22:27","modified_gmt":"2026-02-13T07:22:27","slug":"areas","status":"publish","type":"page","link":"https:\/\/legalbarcelona2000.com\/index.php\/areas\/","title":{"rendered":"Areas"},"content":{"rendered":"\t\t<div data-elementor-type=\"wp-page\" data-elementor-id=\"132\" class=\"elementor elementor-132\">\n\t\t\t\t\t\t<section class=\"elementor-section elementor-top-section elementor-element elementor-element-29c47da elementor-section-height-min-height elementor-section-full_width elementor-section-height-default elementor-section-items-middle\" data-id=\"29c47da\" data-element_type=\"section\" data-settings=\"{&quot;background_background&quot;:&quot;classic&quot;}\">\n\t\t\t\t\t\t<div class=\"elementor-container elementor-column-gap-default\">\n\t\t\t\t\t<div class=\"elementor-column elementor-col-100 elementor-top-column elementor-element elementor-element-6b965ab\" data-id=\"6b965ab\" data-element_type=\"column\">\n\t\t\t<div class=\"elementor-widget-wrap\">\n\t\t\t\t\t\t\t<\/div>\n\t\t<\/div>\n\t\t\t\t\t<\/div>\n\t\t<\/section>\n\t\t\t\t<section class=\"elementor-section elementor-top-section elementor-element elementor-element-4ce132d elementor-section-boxed elementor-section-height-default elementor-section-height-default\" data-id=\"4ce132d\" data-element_type=\"section\">\n\t\t\t\t\t\t<div class=\"elementor-container elementor-column-gap-default\">\n\t\t\t\t\t<div class=\"elementor-column elementor-col-100 elementor-top-column elementor-element elementor-element-b11628f\" data-id=\"b11628f\" data-element_type=\"column\">\n\t\t\t<div class=\"elementor-widget-wrap elementor-element-populated\">\n\t\t\t\t\t\t<div class=\"elementor-element elementor-element-72bc766 elementor-widget elementor-widget-heading\" data-id=\"72bc766\" data-element_type=\"widget\" data-widget_type=\"heading.default\">\n\t\t\t\t<div class=\"elementor-widget-container\">\n\t\t\t\t\t<h1 class=\"elementor-heading-title elementor-size-xl\">\u00c1reas<\/h1>\t\t\t\t<\/div>\n\t\t\t\t<\/div>\n\t\t\t\t<div class=\"elementor-element elementor-element-e5cd116 elementor-widget elementor-widget-heading\" data-id=\"e5cd116\" data-element_type=\"widget\" data-widget_type=\"heading.default\">\n\t\t\t\t<div class=\"elementor-widget-container\">\n\t\t\t\t\t<h2 class=\"elementor-heading-title elementor-size-small\">Civil \u00b7 Penal \u00b7 Extranjer\u00eda \u00b7 Laboral \u00b7 Ley de Segunda Oportunidad \u00b7 Real Estate<\/h2>\t\t\t\t<\/div>\n\t\t\t\t<\/div>\n\t\t\t\t\t<\/div>\n\t\t<\/div>\n\t\t\t\t\t<\/div>\n\t\t<\/section>\n\t\t\t\t<section class=\"elementor-section elementor-top-section elementor-element elementor-element-5f5dc23 elementor-section-boxed elementor-section-height-default elementor-section-height-default\" data-id=\"5f5dc23\" data-element_type=\"section\">\n\t\t\t\t\t\t<div class=\"elementor-container elementor-column-gap-default\">\n\t\t\t\t\t<div class=\"elementor-column elementor-col-50 elementor-top-column elementor-element elementor-element-5aee04a\" data-id=\"5aee04a\" data-element_type=\"column\">\n\t\t\t<div class=\"elementor-widget-wrap elementor-element-populated\">\n\t\t\t\t\t\t<section class=\"elementor-section elementor-inner-section elementor-element elementor-element-cca0089 elementor-section-boxed elementor-section-height-default elementor-section-height-default\" data-id=\"cca0089\" data-element_type=\"section\">\n\t\t\t\t\t\t<div class=\"elementor-container elementor-column-gap-default\">\n\t\t\t\t\t<div class=\"elementor-column elementor-col-100 elementor-inner-column elementor-element elementor-element-48f07c1\" data-id=\"48f07c1\" data-element_type=\"column\">\n\t\t\t<div class=\"elementor-widget-wrap elementor-element-populated\">\n\t\t\t\t\t\t<div class=\"elementor-element elementor-element-7455af7 elementor-widget elementor-widget-heading\" data-id=\"7455af7\" data-element_type=\"widget\" data-widget_type=\"heading.default\">\n\t\t\t\t<div class=\"elementor-widget-container\">\n\t\t\t\t\t<h3 class=\"elementor-heading-title elementor-size-default\">Civil<\/h3>\t\t\t\t<\/div>\n\t\t\t\t<\/div>\n\t\t\t\t<div class=\"elementor-element elementor-element-7781d22 elementor-widget elementor-widget-text-editor\" data-id=\"7781d22\" data-element_type=\"widget\" data-widget_type=\"text-editor.default\">\n\t\t\t\t<div class=\"elementor-widget-container\">\n\t\t\t\t\t\t\t\t\t<ul><li>Cr\u00e9ditos y pr\u00e9stamos bancarios abusivos<\/li><li>Derecho de familia: divorcios, separaciones y menores<\/li><li>Accidentes de circulaci\u00f3n e indemnizaciones<\/li><li>Negligencias m\u00e9dicas<\/li><li>Herencias, sucesiones, legados, leg\u00edtimas y testamentos<\/li><li>Desahucios<\/li><li>Obligaciones y contratos<\/li><li>Reclamaciones de impagos y deudas profesionales<\/li><li>Reclamaci\u00f3n de da\u00f1os y perjuicios<\/li><li>Defectos de construcci\u00f3n.<\/li><li>Derecho de consumidores y usuarios<\/li><\/ul>\t\t\t\t\t\t\t\t<\/div>\n\t\t\t\t<\/div>\n\t\t\t\t\t<\/div>\n\t\t<\/div>\n\t\t\t\t\t<\/div>\n\t\t<\/section>\n\t\t\t\t<section class=\"elementor-section elementor-inner-section elementor-element elementor-element-a9f94d9 elementor-section-boxed elementor-section-height-default elementor-section-height-default\" data-id=\"a9f94d9\" data-element_type=\"section\">\n\t\t\t\t\t\t<div class=\"elementor-container elementor-column-gap-default\">\n\t\t\t\t\t<div class=\"elementor-column elementor-col-100 elementor-inner-column elementor-element elementor-element-ac0612e\" data-id=\"ac0612e\" data-element_type=\"column\">\n\t\t\t<div class=\"elementor-widget-wrap elementor-element-populated\">\n\t\t\t\t\t\t<div class=\"elementor-element elementor-element-3c6e1ec elementor-widget elementor-widget-heading\" data-id=\"3c6e1ec\" data-element_type=\"widget\" data-widget_type=\"heading.default\">\n\t\t\t\t<div class=\"elementor-widget-container\">\n\t\t\t\t\t<h3 class=\"elementor-heading-title elementor-size-default\">Penal<\/h3>\t\t\t\t<\/div>\n\t\t\t\t<\/div>\n\t\t\t\t<div class=\"elementor-element elementor-element-57f2967 elementor-widget elementor-widget-text-editor\" data-id=\"57f2967\" data-element_type=\"widget\" data-widget_type=\"text-editor.default\">\n\t\t\t\t<div class=\"elementor-widget-container\">\n\t\t\t\t\t\t\t\t\t<ul><li>Estafas<\/li><li>Apropiaciones indebidas<\/li><li>Fraudes<\/li><li>Insolvencias punibles<\/li><li>Blanqueo de capitales<\/li><li>Delitos fiscales<\/li><li>Trafico de drogas<\/li><li>Robos y hurtos<\/li><li>Violencia de g\u00e9nero<\/li><li>Lesiones<\/li><li>Homicidios y asesinatos<\/li><li>Agresiones sexuales<\/li><li>Atentados<\/li><li>Organizaciones y grupos criminales<\/li><li>Alcoholemias y conducciones sin carn\u00e9<\/li><li>Falsedad documental<\/li><li>Amenazas y coacciones<\/li><li>Menores<\/li><li>Penitenciario<\/li><\/ul>\t\t\t\t\t\t\t\t<\/div>\n\t\t\t\t<\/div>\n\t\t\t\t\t<\/div>\n\t\t<\/div>\n\t\t\t\t\t<\/div>\n\t\t<\/section>\n\t\t\t\t\t<\/div>\n\t\t<\/div>\n\t\t\t\t<div class=\"elementor-column elementor-col-50 elementor-top-column elementor-element elementor-element-663653c\" data-id=\"663653c\" data-element_type=\"column\">\n\t\t\t<div class=\"elementor-widget-wrap elementor-element-populated\">\n\t\t\t\t\t\t<section class=\"elementor-section elementor-inner-section elementor-element elementor-element-e5f7957 elementor-section-boxed elementor-section-height-default elementor-section-height-default\" data-id=\"e5f7957\" data-element_type=\"section\">\n\t\t\t\t\t\t<div class=\"elementor-container elementor-column-gap-default\">\n\t\t\t\t\t<div class=\"elementor-column elementor-col-100 elementor-inner-column elementor-element elementor-element-beecf1f\" data-id=\"beecf1f\" data-element_type=\"column\">\n\t\t\t<div class=\"elementor-widget-wrap elementor-element-populated\">\n\t\t\t\t\t\t<div class=\"elementor-element elementor-element-12a9395 elementor-widget elementor-widget-heading\" data-id=\"12a9395\" data-element_type=\"widget\" data-widget_type=\"heading.default\">\n\t\t\t\t<div class=\"elementor-widget-container\">\n\t\t\t\t\t<h3 class=\"elementor-heading-title elementor-size-default\">Extranjer\u00eda<\/h3>\t\t\t\t<\/div>\n\t\t\t\t<\/div>\n\t\t\t\t<div class=\"elementor-element elementor-element-4f5cef3 elementor-widget elementor-widget-text-editor\" data-id=\"4f5cef3\" data-element_type=\"widget\" data-widget_type=\"text-editor.default\">\n\t\t\t\t<div class=\"elementor-widget-container\">\n\t\t\t\t\t\t\t\t\t<ul><li>Golden Visa<\/li><li>Nacionalidad<\/li><li>Arraigo<\/li><li>Reagrupaci\u00f3n familiar<\/li><li>Residencia no lucrativa<\/li><li>Certificado U.E.<\/li><li>Tarjeta familiar de europeo<\/li><li>Contrataci\u00f3n de extranjero<\/li><li>Ley de emprendedores<\/li><li>Modificaciones y renovaciones<\/li><\/ul>\t\t\t\t\t\t\t\t<\/div>\n\t\t\t\t<\/div>\n\t\t\t\t\t<\/div>\n\t\t<\/div>\n\t\t\t\t\t<\/div>\n\t\t<\/section>\n\t\t\t\t<section class=\"elementor-section elementor-inner-section elementor-element elementor-element-8c52eef elementor-section-boxed elementor-section-height-default elementor-section-height-default\" data-id=\"8c52eef\" data-element_type=\"section\">\n\t\t\t\t\t\t<div class=\"elementor-container elementor-column-gap-default\">\n\t\t\t\t\t<div class=\"elementor-column elementor-col-100 elementor-inner-column elementor-element elementor-element-d4b8057\" data-id=\"d4b8057\" data-element_type=\"column\">\n\t\t\t<div class=\"elementor-widget-wrap elementor-element-populated\">\n\t\t\t\t\t\t<div class=\"elementor-element elementor-element-ac40f87 elementor-widget elementor-widget-heading\" data-id=\"ac40f87\" data-element_type=\"widget\" data-widget_type=\"heading.default\">\n\t\t\t\t<div class=\"elementor-widget-container\">\n\t\t\t\t\t<h3 class=\"elementor-heading-title elementor-size-default\">Laboral<\/h3>\t\t\t\t<\/div>\n\t\t\t\t<\/div>\n\t\t\t\t<div class=\"elementor-element elementor-element-9c47ebf elementor-widget elementor-widget-text-editor\" data-id=\"9c47ebf\" data-element_type=\"widget\" data-widget_type=\"text-editor.default\">\n\t\t\t\t<div class=\"elementor-widget-container\">\n\t\t\t\t\t\t\t\t\t<ul><li>Despidos<\/li><li>Acoso laboral o mobbing<\/li><li>Accidentes de trabajo<\/li><li>Reclamaci\u00f3n de salarios<\/li><\/ul>\t\t\t\t\t\t\t\t<\/div>\n\t\t\t\t<\/div>\n\t\t\t\t\t<\/div>\n\t\t<\/div>\n\t\t\t\t\t<\/div>\n\t\t<\/section>\n\t\t\t\t<section class=\"elementor-section elementor-inner-section elementor-element elementor-element-cac041d elementor-section-boxed elementor-section-height-default elementor-section-height-default\" data-id=\"cac041d\" data-element_type=\"section\">\n\t\t\t\t\t\t<div class=\"elementor-container elementor-column-gap-default\">\n\t\t\t\t\t<div class=\"elementor-column elementor-col-100 elementor-inner-column elementor-element elementor-element-6ecbc82\" data-id=\"6ecbc82\" data-element_type=\"column\">\n\t\t\t<div class=\"elementor-widget-wrap elementor-element-populated\">\n\t\t\t\t\t\t<div class=\"elementor-element elementor-element-275c1a3 elementor-widget elementor-widget-heading\" data-id=\"275c1a3\" data-element_type=\"widget\" data-widget_type=\"heading.default\">\n\t\t\t\t<div class=\"elementor-widget-container\">\n\t\t\t\t\t<h3 class=\"elementor-heading-title elementor-size-default\">Ley de Segunda Oportunidad<\/h3>\t\t\t\t<\/div>\n\t\t\t\t<\/div>\n\t\t\t\t<div class=\"elementor-element elementor-element-e6efd80 elementor-widget elementor-widget-text-editor\" data-id=\"e6efd80\" data-element_type=\"widget\" data-widget_type=\"text-editor.default\">\n\t\t\t\t<div class=\"elementor-widget-container\">\n\t\t\t\t\t\t\t\t\t<ul><li>Personas f\u00edsicas<\/li><li>Aut\u00f3nomos<span class=\"Apple-converted-space\">\u00a0<\/span><\/li><li>Empresas<\/li><\/ul>\t\t\t\t\t\t\t\t<\/div>\n\t\t\t\t<\/div>\n\t\t\t\t\t<\/div>\n\t\t<\/div>\n\t\t\t\t\t<\/div>\n\t\t<\/section>\n\t\t\t\t<section class=\"elementor-section elementor-inner-section elementor-element elementor-element-77161e1 elementor-section-boxed elementor-section-height-default elementor-section-height-default\" data-id=\"77161e1\" data-element_type=\"section\">\n\t\t\t\t\t\t<div class=\"elementor-container elementor-column-gap-default\">\n\t\t\t\t\t<div class=\"elementor-column elementor-col-100 elementor-inner-column elementor-element elementor-element-3fed870\" data-id=\"3fed870\" data-element_type=\"column\">\n\t\t\t<div class=\"elementor-widget-wrap elementor-element-populated\">\n\t\t\t\t\t\t<div class=\"elementor-element elementor-element-d46092f elementor-widget elementor-widget-heading\" data-id=\"d46092f\" data-element_type=\"widget\" data-widget_type=\"heading.default\">\n\t\t\t\t<div class=\"elementor-widget-container\">\n\t\t\t\t\t<h3 class=\"elementor-heading-title elementor-size-default\">Real Estate<\/h3>\t\t\t\t<\/div>\n\t\t\t\t<\/div>\n\t\t\t\t<div class=\"elementor-element elementor-element-110ec64 elementor-widget elementor-widget-text-editor\" data-id=\"110ec64\" data-element_type=\"widget\" data-widget_type=\"text-editor.default\">\n\t\t\t\t<div class=\"elementor-widget-container\">\n\t\t\t\t\t\t\t\t\t<ul><li>Asesoramiento en las negociaciones previas (contrato de reserva)<\/li><li>Redacci\u00f3n y revisi\u00f3n del contrato de arras<\/li><li>Elaboraci\u00f3n de la correspondiente <i>due diligence<span class=\"Apple-converted-space\">\u00a0<\/span><\/i><\/li><li>Asistencia en notaria para la formalizaci\u00f3n de la compraventa<\/li><li>Seguimiento del expediente hasta la inscripci\u00f3n en el Registro de la Propiedad<\/li><\/ul>\t\t\t\t\t\t\t\t<\/div>\n\t\t\t\t<\/div>\n\t\t\t\t\t<\/div>\n\t\t<\/div>\n\t\t\t\t\t<\/div>\n\t\t<\/section>\n\t\t\t\t\t<\/div>\n\t\t<\/div>\n\t\t\t\t\t<\/div>\n\t\t<\/section>\n\t\t\t\t<section class=\"elementor-section elementor-top-section elementor-element elementor-element-3bee5c4 elementor-section-height-min-height elementor-section-boxed elementor-section-height-default elementor-section-items-middle\" data-id=\"3bee5c4\" data-element_type=\"section\" data-settings=\"{&quot;background_background&quot;:&quot;classic&quot;}\">\n\t\t\t\t\t\t\t<div class=\"elementor-background-overlay\"><\/div>\n\t\t\t\t\t\t\t<div class=\"elementor-container elementor-column-gap-default\">\n\t\t\t\t\t<div class=\"elementor-column elementor-col-100 elementor-top-column elementor-element elementor-element-a040d67\" data-id=\"a040d67\" data-element_type=\"column\">\n\t\t\t<div class=\"elementor-widget-wrap elementor-element-populated\">\n\t\t\t\t\t\t<div class=\"elementor-element elementor-element-d1300e4 elementor-widget elementor-widget-heading\" data-id=\"d1300e4\" data-element_type=\"widget\" data-widget_type=\"heading.default\">\n\t\t\t\t<div class=\"elementor-widget-container\">\n\t\t\t\t\t<h2 class=\"elementor-heading-title elementor-size-small\">\"Conf\u00eda en nosotros, tu mejor defensa legal est\u00e1 en nuestras manos\"<\/h2>\t\t\t\t<\/div>\n\t\t\t\t<\/div>\n\t\t\t\t\t<\/div>\n\t\t<\/div>\n\t\t\t\t\t<\/div>\n\t\t<\/section>\n\t\t\t\t<\/div>\n\t\t","protected":false},"excerpt":{"rendered":"<p>\u00c1reas Civil \u00b7 Penal \u00b7 Extranjer\u00eda \u00b7 Laboral \u00b7 Ley de Segunda Oportunidad \u00b7 Real Estate Civil Cr\u00e9ditos y pr\u00e9stamos bancarios abusivos Derecho de familia: divorcios, separaciones y menores Accidentes de circulaci\u00f3n e indemnizaciones Negligencias m\u00e9dicas Herencias, sucesiones, legados, leg\u00edtimas y testamentos Desahucios Obligaciones y contratos Reclamaciones de impagos y deudas profesionales Reclamaci\u00f3n de da\u00f1os &hellip;<\/p>\n<p class=\"read-more\"> <a class=\"\" href=\"https:\/\/legalbarcelona2000.com\/index.php\/areas\/\"> <span class=\"screen-reader-text\">Areas<\/span> Read More &raquo;<\/a><\/p>\n","protected":false},"author":1,"featured_media":0,"parent":0,"menu_order":0,"comment_status":"closed","ping_status":"closed","template":"","meta":{"site-sidebar-layout":"no-sidebar","site-content-layout":"page-builder","ast-global-header-display":"","ast-banner-title-visibility":"","ast-main-header-display":"","ast-hfb-above-header-display":"","ast-hfb-below-header-display":"","ast-hfb-mobile-header-display":"","site-post-title":"disabled","ast-breadcrumbs-content":"","ast-featured-img":"disabled","footer-sml-layout":"","theme-transparent-header-meta":"","adv-header-id-meta":"","stick-header-meta":"","header-above-stick-meta":"","header-main-stick-meta":"","header-below-stick-meta":"","footnotes":""},"_links":{"self":[{"href":"https:\/\/legalbarcelona2000.com\/index.php\/wp-json\/wp\/v2\/pages\/132"}],"collection":[{"href":"https:\/\/legalbarcelona2000.com\/index.php\/wp-json\/wp\/v2\/pages"}],"about":[{"href":"https:\/\/legalbarcelona2000.com\/index.php\/wp-json\/wp\/v2\/types\/page"}],"author":[{"embeddable":true,"href":"https:\/\/legalbarcelona2000.com\/index.php\/wp-json\/wp\/v2\/users\/1"}],"replies":[{"embeddable":true,"href":"https:\/\/legalbarcelona2000.com\/index.php\/wp-json\/wp\/v2\/comments?post=132"}],"version-history":[{"count":112,"href":"https:\/\/legalbarcelona2000.com\/index.php\/wp-json\/wp\/v2\/pages\/132\/revisions"}],"predecessor-version":[{"id":708,"href":"https:\/\/legalbarcelona2000.com\/index.php\/wp-json\/wp\/v2\/pages\/132\/revisions\/708"}],"wp:attachment":[{"href":"https:\/\/legalbarcelona2000.com\/index.php\/wp-json\/wp\/v2\/media?parent=132"}],"curies":[{"name":"wp","href":"https:\/\/api.w.org\/{rel}","templated":true}]}}