{"id":24,"date":"2023-06-19T08:36:49","date_gmt":"2023-06-19T08:36:49","guid":{"rendered":"https:\/\/legalbarcelona2000.com\/?page_id=24"},"modified":"2026-02-13T10:18:18","modified_gmt":"2026-02-13T10:18:18","slug":"landing-pages","status":"publish","type":"page","link":"https:\/\/legalbarcelona2000.com\/","title":{"rendered":"Inicio"},"content":{"rendered":"\t\t<div data-elementor-type=\"wp-page\" data-elementor-id=\"24\" class=\"elementor elementor-24\">\n\t\t\t\t\t\t<section class=\"elementor-section elementor-top-section elementor-element elementor-element-208d9c3 elementor-section-height-min-height elementor-section-items-bottom elementor-section-full_width elementor-section-height-default\" data-id=\"208d9c3\" data-element_type=\"section\" data-settings=\"{&quot;background_background&quot;:&quot;classic&quot;}\">\n\t\t\t\t\t\t<div class=\"elementor-container elementor-column-gap-default\">\n\t\t\t\t\t<div class=\"elementor-column elementor-col-100 elementor-top-column elementor-element elementor-element-0561769\" data-id=\"0561769\" data-element_type=\"column\">\n\t\t\t<div class=\"elementor-widget-wrap elementor-element-populated\">\n\t\t\t\t\t\t<div class=\"elementor-element elementor-element-b7700a9 elementor-widget elementor-widget-image\" data-id=\"b7700a9\" data-element_type=\"widget\" data-widget_type=\"image.default\">\n\t\t\t\t<div class=\"elementor-widget-container\">\n\t\t\t\t\t\t\t\t\t\t\t\t\t\t\t<img fetchpriority=\"high\" decoding=\"async\" width=\"1024\" height=\"780\" src=\"https:\/\/legalbarcelona2000.com\/wp-content\/uploads\/2023\/06\/legal-bcn2-1024x780.png\" class=\"attachment-large size-large wp-image-35\" alt=\"\" srcset=\"https:\/\/legalbarcelona2000.com\/wp-content\/uploads\/2023\/06\/legal-bcn2-1024x780.png 1024w, https:\/\/legalbarcelona2000.com\/wp-content\/uploads\/2023\/06\/legal-bcn2-300x228.png 300w, https:\/\/legalbarcelona2000.com\/wp-content\/uploads\/2023\/06\/legal-bcn2-768x585.png 768w, https:\/\/legalbarcelona2000.com\/wp-content\/uploads\/2023\/06\/legal-bcn2.png 1085w\" sizes=\"(max-width: 1024px) 100vw, 1024px\" \/>\t\t\t\t\t\t\t\t\t\t\t\t\t\t\t<\/div>\n\t\t\t\t<\/div>\n\t\t\t\t<div class=\"elementor-element elementor-element-a4bb54a elementor-widget elementor-widget-text-editor\" data-id=\"a4bb54a\" data-element_type=\"widget\" data-widget_type=\"text-editor.default\">\n\t\t\t\t<div class=\"elementor-widget-container\">\n\t\t\t\t\t\t\t\t\t<p>Legal Barcelona 2000 se ha convertido en el despacho de abogados de referencia para el p\u00fablico ruso que, como t\u00fa, quiere afincarse en nuestro pa\u00eds o desea invertir en \u00e9l.\u00a0<\/p><p>Nuestros abogados de origen ruso te atender\u00e1n en su idioma y se ocupar\u00e1n de realizar todas las gestiones necesarias para que puedas establecerte en Espa\u00f1a: comprar un inmueble, regularizar tu situaci\u00f3n administrativa y defender tus intereses ante los tribunales.<\/p>\t\t\t\t\t\t\t\t<\/div>\n\t\t\t\t<\/div>\n\t\t\t\t\t<\/div>\n\t\t<\/div>\n\t\t\t\t\t<\/div>\n\t\t<\/section>\n\t\t\t\t<section class=\"elementor-section elementor-top-section elementor-element elementor-element-fwwkcb1 elementor-section-content-middle elementor-section-boxed elementor-section-height-default elementor-section-height-default\" data-id=\"fwwkcb1\" data-element_type=\"section\" data-settings=\"{&quot;background_background&quot;:&quot;classic&quot;}\">\n\t\t\t\t\t\t\t<div class=\"elementor-background-overlay\"><\/div>\n\t\t\t\t\t\t\t<div class=\"elementor-container elementor-column-gap-no\">\n\t\t\t\t\t<div class=\"elementor-column elementor-col-100 elementor-top-column elementor-element elementor-element-116f2ae\" data-id=\"116f2ae\" data-element_type=\"column\">\n\t\t\t<div class=\"elementor-widget-wrap elementor-element-populated\">\n\t\t\t\t\t\t<div class=\"elementor-element elementor-element-d26675a elementor-widget elementor-widget-heading\" data-id=\"d26675a\" data-element_type=\"widget\" data-widget_type=\"heading.default\">\n\t\t\t\t<div class=\"elementor-widget-container\">\n\t\t\t\t\t<h2 class=\"elementor-heading-title elementor-size-default\">\u00bfNecesitas asesor\u00eda legal confiable y eficiente? <br>\u00a1Cont\u00e1ctanos ahora!<\/h2>\t\t\t\t<\/div>\n\t\t\t\t<\/div>\n\t\t\t\t<div class=\"elementor-element elementor-element-79cc1f7 elementor-align-center elementor-widget elementor-widget-button\" data-id=\"79cc1f7\" data-element_type=\"widget\" data-widget_type=\"button.default\">\n\t\t\t\t<div class=\"elementor-widget-container\">\n\t\t\t\t\t\t\t\t\t<div class=\"elementor-button-wrapper\">\n\t\t\t\t\t<a class=\"elementor-button elementor-button-link elementor-size-sm\" href=\"https:\/\/wa.link\/28guo8\">\n\t\t\t\t\t\t<span class=\"elementor-button-content-wrapper\">\n\t\t\t\t\t\t\t\t\t<span class=\"elementor-button-text\">CONTACTANOS<\/span>\n\t\t\t\t\t<\/span>\n\t\t\t\t\t<\/a>\n\t\t\t\t<\/div>\n\t\t\t\t\t\t\t\t<\/div>\n\t\t\t\t<\/div>\n\t\t\t\t\t<\/div>\n\t\t<\/div>\n\t\t\t\t\t<\/div>\n\t\t<\/section>\n\t\t\t\t<\/div>\n\t\t","protected":false},"excerpt":{"rendered":"<p>Legal Barcelona 2000 se ha convertido en el despacho de abogados de referencia para el p\u00fablico ruso que, como t\u00fa, quiere afincarse en nuestro pa\u00eds o desea invertir en \u00e9l.\u00a0 Nuestros abogados de origen ruso te atender\u00e1n en su idioma y se ocupar\u00e1n de realizar todas las gestiones necesarias para que puedas establecerte en Espa\u00f1a: &hellip;<\/p>\n<p class=\"read-more\"> <a class=\"\" href=\"https:\/\/legalbarcelona2000.com\/\"> <span class=\"screen-reader-text\">Inicio<\/span> Read More &raquo;<\/a><\/p>\n","protected":false},"author":1,"featured_media":0,"parent":0,"menu_order":0,"comment_status":"closed","ping_status":"closed","template":"","meta":{"site-sidebar-layout":"no-sidebar","site-content-layout":"page-builder","ast-global-header-display":"","ast-banner-title-visibility":"","ast-main-header-display":"","ast-hfb-above-header-display":"","ast-hfb-below-header-display":"","ast-hfb-mobile-header-display":"","site-post-title":"disabled","ast-breadcrumbs-content":"","ast-featured-img":"disabled","footer-sml-layout":"","theme-transparent-header-meta":"","adv-header-id-meta":"","stick-header-meta":"","header-above-stick-meta":"","header-main-stick-meta":"","header-below-stick-meta":"","footnotes":""},"_links":{"self":[{"href":"https:\/\/legalbarcelona2000.com\/index.php\/wp-json\/wp\/v2\/pages\/24"}],"collection":[{"href":"https:\/\/legalbarcelona2000.com\/index.php\/wp-json\/wp\/v2\/pages"}],"about":[{"href":"https:\/\/legalbarcelona2000.com\/index.php\/wp-json\/wp\/v2\/types\/page"}],"author":[{"embeddable":true,"href":"https:\/\/legalbarcelona2000.com\/index.php\/wp-json\/wp\/v2\/users\/1"}],"replies":[{"embeddable":true,"href":"https:\/\/legalbarcelona2000.com\/index.php\/wp-json\/wp\/v2\/comments?post=24"}],"version-history":[{"count":173,"href":"https:\/\/legalbarcelona2000.com\/index.php\/wp-json\/wp\/v2\/pages\/24\/revisions"}],"predecessor-version":[{"id":711,"href":"https:\/\/legalbarcelona2000.com\/index.php\/wp-json\/wp\/v2\/pages\/24\/revisions\/711"}],"wp:attachment":[{"href":"https:\/\/legalbarcelona2000.com\/index.php\/wp-json\/wp\/v2\/media?parent=24"}],"curies":[{"name":"wp","href":"https:\/\/api.w.org\/{rel}","templated":true}]}}